{"id":4112,"date":"2024-01-19T17:09:45","date_gmt":"2024-01-19T14:09:45","guid":{"rendered":"https:\/\/smartmoveinvestment.com\/?page_id=4112"},"modified":"2024-01-19T17:09:46","modified_gmt":"2024-01-19T14:09:46","slug":"hakkimizda-smart-move-investment-kktc-kibris-satilik-ev-arsa","status":"publish","type":"page","link":"https:\/\/smartmoveinvestment.com\/index.php\/hakkimizda-smart-move-investment-kktc-kibris-satilik-ev-arsa\/","title":{"rendered":"Hakk\u0131m\u0131zda &#8211;  Smart Move Investment KKTC K\u0131br\u0131s Sat\u0131l\u0131k Ev &#8211; Arsa"},"content":{"rendered":"\n<p>Smart Move Investment Ltd. Kuzey K\u0131br\u0131s\u2019ta kurulmu\u015f, \u015eirketler Mukayyitli\u011finde kay\u0131t tescili yap\u0131lm\u0131\u015f ve profesyonel elemanlar\u0131 ile emlak, in\u015faat, dan\u0131\u015fmanl\u0131k ve de\u011ferlendirme konular\u0131nda hizmet veren bir \u015firkettir.<\/p>\n","protected":false},"excerpt":{"rendered":"<p>Smart Move Investment Ltd. Kuzey K\u0131br\u0131s\u2019ta kurulmu\u015f, \u015eirketler Mukayyitli\u011finde kay\u0131t tescili yap\u0131lm\u0131\u015f ve profesyonel elemanlar\u0131 ile emlak, in\u015faat, dan\u0131\u015fmanl\u0131k ve de\u011ferlendirme konular\u0131nda hizmet veren bir \u015firkettir.<\/p>\n","protected":false},"author":1,"featured_media":0,"parent":0,"menu_order":0,"comment_status":"closed","ping_status":"closed","template":"","meta":{"footnotes":""},"aioseo_notices":[],"_links":{"self":[{"href":"https:\/\/smartmoveinvestment.com\/index.php\/wp-json\/wp\/v2\/pages\/4112"}],"collection":[{"href":"https:\/\/smartmoveinvestment.com\/index.php\/wp-json\/wp\/v2\/pages"}],"about":[{"href":"https:\/\/smartmoveinvestment.com\/index.php\/wp-json\/wp\/v2\/types\/page"}],"author":[{"embeddable":true,"href":"https:\/\/smartmoveinvestment.com\/index.php\/wp-json\/wp\/v2\/users\/1"}],"replies":[{"embeddable":true,"href":"https:\/\/smartmoveinvestment.com\/index.php\/wp-json\/wp\/v2\/comments?post=4112"}],"version-history":[{"count":1,"href":"https:\/\/smartmoveinvestment.com\/index.php\/wp-json\/wp\/v2\/pages\/4112\/revisions"}],"predecessor-version":[{"id":4115,"href":"https:\/\/smartmoveinvestment.com\/index.php\/wp-json\/wp\/v2\/pages\/4112\/revisions\/4115"}],"wp:attachment":[{"href":"https:\/\/smartmoveinvestment.com\/index.php\/wp-json\/wp\/v2\/media?parent=4112"}],"curies":[{"name":"wp","href":"https:\/\/api.w.org\/{rel}","templated":true}]}}