{"id":4811,"date":"2024-11-17T01:13:22","date_gmt":"2024-11-16T22:13:22","guid":{"rendered":"https:\/\/smartmoveinvestment.com\/?page_id=4811"},"modified":"2024-12-04T10:35:44","modified_gmt":"2024-12-04T07:35:44","slug":"gfb-development-ltd","status":"publish","type":"page","link":"https:\/\/smartmoveinvestment.com\/index.php\/gfb-development-ltd\/","title":{"rendered":"GFB Development LTD"},"content":{"rendered":"\n<p><strong><em>Lefko\u015fa G\u00f6nyeli Villalar B\u00f6lgesinde, Modern L\u00fcks Apartman Daireleri ile yepyeni bir ya\u015fam alan\u0131 f\u0131rsat\u0131!<\/em><\/strong><\/p>\n\n\n\n<p>G\u00f6nyeli&#8217;de en de\u011ferli konumunda,<\/p>\n\n\n\n<p>T\u00fcrk Ko\u00e7anl\u0131 2 b\u00fcy\u00fck tam arsa \u00fczerinde, 2 katl\u0131 (4+4)<\/p>\n\n\n\n<p>Toplam 8 daireden olu\u015fan olu\u015fan 2 blok L\u00fcks Apartman daireleri.<\/p>\n\n\n\n<p><strong>ZEM\u0130N KAT 3+1 DA\u0130RELER:<\/strong><\/p>\n\n\n\n<p>\u25cf 140 m2 kapal\u0131 alan + 15 m2 Balkon<\/p>\n\n\n\n<p>\u25cf Ortalama 155 m2 Bah\u00e7e kullan\u0131m\u0131,<\/p>\n\n\n\n<p>\u25cf Her daireye ait ba\u011f\u0131ms\u0131z giri\u015f<\/p>\n\n\n\n<p>\u25cf Geni\u015f Amerikan mutfak ve salon<\/p>\n\n\n\n<p>\u25cf Ensuit Ebeveyn Yatak Odas\u0131; (WC + Du\u015f ve Dolap Odas\u0131)<\/p>\n\n\n\n<p>\u25cf Di\u011fer 2 yatak odas\u0131nda G\u00f6mme dolap,<\/p>\n\n\n\n<p>\u25cf 1 adet misafir WC + Du\u015f<\/p>\n\n\n\n<p>\u25cf Geni\u015f kullan\u0131m alan\u0131na sahip kiler<\/p>\n\n\n\n<p><strong>1. KAT 2+1 DA\u0130RELER:<\/strong><\/p>\n\n\n\n<p>\u25cf 121 m2 Kapal\u0131 alan + 23 m2 Balkon,<\/p>\n\n\n\n<p>\u25cf Her daireye ait 56m2 \u00c7at\u0131 teras\u0131 kullan\u0131m\u0131,<\/p>\n\n\n\n<p>\u25cf Geni\u015f Amerikan mutfak ve salon<\/p>\n\n\n\n<p>\u25cf Ensuit Ebeveyn Yatak Odas\u0131; (WC + Du\u015f ve Dolap Odas\u0131)<\/p>\n\n\n\n<p>\u25cf Di\u011fer yatak odas\u0131nda G\u00f6mme dolap,<\/p>\n\n\n\n<p>\u25cf 1 adet misafir WC + Du\u015f<\/p>\n\n\n\n<p>\u25cf Geni\u015f kullan\u0131m alan\u0131na sahip kiler<\/p>\n\n\n\n<figure class=\"wp-block-gallery has-nested-images columns-3 is-cropped wp-block-gallery-1 is-layout-flex wp-block-gallery-is-layout-flex\">\n<figure class=\"wp-block-image size-large\"><a href=\"https:\/\/smartmoveinvestment.com\/wp-content\/uploads\/2024\/11\/GFBDevelopment8.jpg\"><img fetchpriority=\"high\" decoding=\"async\" width=\"600\" height=\"337\" data-id=\"4812\" src=\"https:\/\/smartmoveinvestment.com\/wp-content\/uploads\/2024\/11\/GFBDevelopment8.jpg\" alt=\"\" class=\"wp-image-4812\" srcset=\"https:\/\/smartmoveinvestment.com\/wp-content\/uploads\/2024\/11\/GFBDevelopment8.jpg 600w, https:\/\/smartmoveinvestment.com\/wp-content\/uploads\/2024\/11\/GFBDevelopment8-300x169.jpg 300w\" sizes=\"(max-width: 600px) 100vw, 600px\" \/><\/a><\/figure>\n\n\n\n<figure class=\"wp-block-image size-large\"><a href=\"https:\/\/smartmoveinvestment.com\/wp-content\/uploads\/2024\/11\/GFBDevelopment7.jpg\"><img decoding=\"async\" width=\"600\" height=\"337\" data-id=\"4813\" src=\"https:\/\/smartmoveinvestment.com\/wp-content\/uploads\/2024\/11\/GFBDevelopment7.jpg\" alt=\"\" class=\"wp-image-4813\" srcset=\"https:\/\/smartmoveinvestment.com\/wp-content\/uploads\/2024\/11\/GFBDevelopment7.jpg 600w, https:\/\/smartmoveinvestment.com\/wp-content\/uploads\/2024\/11\/GFBDevelopment7-300x169.jpg 300w\" sizes=\"(max-width: 600px) 100vw, 600px\" \/><\/a><\/figure>\n\n\n\n<figure class=\"wp-block-image size-large\"><a href=\"https:\/\/smartmoveinvestment.com\/wp-content\/uploads\/2024\/11\/GFBDevelopment6.jpg\"><img decoding=\"async\" width=\"600\" height=\"337\" data-id=\"4814\" src=\"https:\/\/smartmoveinvestment.com\/wp-content\/uploads\/2024\/11\/GFBDevelopment6.jpg\" alt=\"\" class=\"wp-image-4814\" srcset=\"https:\/\/smartmoveinvestment.com\/wp-content\/uploads\/2024\/11\/GFBDevelopment6.jpg 600w, https:\/\/smartmoveinvestment.com\/wp-content\/uploads\/2024\/11\/GFBDevelopment6-300x169.jpg 300w\" sizes=\"(max-width: 600px) 100vw, 600px\" \/><\/a><\/figure>\n\n\n\n<figure class=\"wp-block-image size-large\"><a href=\"https:\/\/smartmoveinvestment.com\/wp-content\/uploads\/2024\/11\/GFBDevelopment5.jpg\"><img loading=\"lazy\" decoding=\"async\" width=\"600\" height=\"338\" data-id=\"4815\" src=\"https:\/\/smartmoveinvestment.com\/wp-content\/uploads\/2024\/11\/GFBDevelopment5.jpg\" alt=\"\" class=\"wp-image-4815\" srcset=\"https:\/\/smartmoveinvestment.com\/wp-content\/uploads\/2024\/11\/GFBDevelopment5.jpg 600w, https:\/\/smartmoveinvestment.com\/wp-content\/uploads\/2024\/11\/GFBDevelopment5-300x169.jpg 300w\" sizes=\"(max-width: 600px) 100vw, 600px\" \/><\/a><\/figure>\n\n\n\n<figure class=\"wp-block-image size-large\"><a href=\"https:\/\/smartmoveinvestment.com\/wp-content\/uploads\/2024\/11\/GFBDevelopment4.jpg\"><img loading=\"lazy\" decoding=\"async\" width=\"600\" height=\"600\" data-id=\"4816\" src=\"https:\/\/smartmoveinvestment.com\/wp-content\/uploads\/2024\/11\/GFBDevelopment4.jpg\" alt=\"\" class=\"wp-image-4816\" srcset=\"https:\/\/smartmoveinvestment.com\/wp-content\/uploads\/2024\/11\/GFBDevelopment4.jpg 600w, https:\/\/smartmoveinvestment.com\/wp-content\/uploads\/2024\/11\/GFBDevelopment4-300x300.jpg 300w, https:\/\/smartmoveinvestment.com\/wp-content\/uploads\/2024\/11\/GFBDevelopment4-150x150.jpg 150w\" sizes=\"(max-width: 600px) 100vw, 600px\" \/><\/a><\/figure>\n\n\n\n<figure class=\"wp-block-image size-large\"><a href=\"https:\/\/smartmoveinvestment.com\/wp-content\/uploads\/2024\/11\/GFBDevelopment3.jpg\"><img loading=\"lazy\" decoding=\"async\" width=\"600\" height=\"600\" data-id=\"4818\" src=\"https:\/\/smartmoveinvestment.com\/wp-content\/uploads\/2024\/11\/GFBDevelopment3.jpg\" alt=\"\" class=\"wp-image-4818\" srcset=\"https:\/\/smartmoveinvestment.com\/wp-content\/uploads\/2024\/11\/GFBDevelopment3.jpg 600w, https:\/\/smartmoveinvestment.com\/wp-content\/uploads\/2024\/11\/GFBDevelopment3-300x300.jpg 300w, https:\/\/smartmoveinvestment.com\/wp-content\/uploads\/2024\/11\/GFBDevelopment3-150x150.jpg 150w\" sizes=\"(max-width: 600px) 100vw, 600px\" \/><\/a><\/figure>\n\n\n\n<figure class=\"wp-block-image size-large\"><a href=\"https:\/\/smartmoveinvestment.com\/wp-content\/uploads\/2024\/11\/GFBDevelopment2.jpg\"><img loading=\"lazy\" decoding=\"async\" width=\"600\" height=\"600\" data-id=\"4817\" src=\"https:\/\/smartmoveinvestment.com\/wp-content\/uploads\/2024\/11\/GFBDevelopment2.jpg\" alt=\"\" class=\"wp-image-4817\" srcset=\"https:\/\/smartmoveinvestment.com\/wp-content\/uploads\/2024\/11\/GFBDevelopment2.jpg 600w, https:\/\/smartmoveinvestment.com\/wp-content\/uploads\/2024\/11\/GFBDevelopment2-300x300.jpg 300w, https:\/\/smartmoveinvestment.com\/wp-content\/uploads\/2024\/11\/GFBDevelopment2-150x150.jpg 150w\" sizes=\"(max-width: 600px) 100vw, 600px\" \/><\/a><\/figure>\n\n\n\n<figure class=\"wp-block-image size-large\"><a href=\"https:\/\/smartmoveinvestment.com\/wp-content\/uploads\/2024\/11\/GFBDevelopment1.jpg\"><img loading=\"lazy\" decoding=\"async\" width=\"600\" height=\"600\" data-id=\"4819\" src=\"https:\/\/smartmoveinvestment.com\/wp-content\/uploads\/2024\/11\/GFBDevelopment1.jpg\" alt=\"\" class=\"wp-image-4819\" srcset=\"https:\/\/smartmoveinvestment.com\/wp-content\/uploads\/2024\/11\/GFBDevelopment1.jpg 600w, https:\/\/smartmoveinvestment.com\/wp-content\/uploads\/2024\/11\/GFBDevelopment1-300x300.jpg 300w, https:\/\/smartmoveinvestment.com\/wp-content\/uploads\/2024\/11\/GFBDevelopment1-150x150.jpg 150w\" sizes=\"(max-width: 600px) 100vw, 600px\" \/><\/a><\/figure>\n\n\n\n<figure class=\"wp-block-image size-large\"><img loading=\"lazy\" decoding=\"async\" width=\"1024\" height=\"576\" data-id=\"4843\" src=\"https:\/\/smartmoveinvestment.com\/wp-content\/uploads\/2024\/12\/WhatsApp-Image-2024-12-03-at-12.36.53-1024x576.jpeg\" alt=\"\" class=\"wp-image-4843\" srcset=\"https:\/\/smartmoveinvestment.com\/wp-content\/uploads\/2024\/12\/WhatsApp-Image-2024-12-03-at-12.36.53-1024x576.jpeg 1024w, https:\/\/smartmoveinvestment.com\/wp-content\/uploads\/2024\/12\/WhatsApp-Image-2024-12-03-at-12.36.53-300x169.jpeg 300w, https:\/\/smartmoveinvestment.com\/wp-content\/uploads\/2024\/12\/WhatsApp-Image-2024-12-03-at-12.36.53-768x432.jpeg 768w, https:\/\/smartmoveinvestment.com\/wp-content\/uploads\/2024\/12\/WhatsApp-Image-2024-12-03-at-12.36.53-1536x864.jpeg 1536w, https:\/\/smartmoveinvestment.com\/wp-content\/uploads\/2024\/12\/WhatsApp-Image-2024-12-03-at-12.36.53.jpeg 1600w\" sizes=\"(max-width: 1024px) 100vw, 1024px\" \/><\/figure>\n\n\n\n<figure class=\"wp-block-image size-large\"><img loading=\"lazy\" decoding=\"async\" width=\"1024\" height=\"576\" data-id=\"4847\" src=\"https:\/\/smartmoveinvestment.com\/wp-content\/uploads\/2024\/12\/WhatsApp-Image-2024-12-03-at-12.36.52-1024x576.jpeg\" alt=\"\" class=\"wp-image-4847\" srcset=\"https:\/\/smartmoveinvestment.com\/wp-content\/uploads\/2024\/12\/WhatsApp-Image-2024-12-03-at-12.36.52-1024x576.jpeg 1024w, https:\/\/smartmoveinvestment.com\/wp-content\/uploads\/2024\/12\/WhatsApp-Image-2024-12-03-at-12.36.52-300x169.jpeg 300w, https:\/\/smartmoveinvestment.com\/wp-content\/uploads\/2024\/12\/WhatsApp-Image-2024-12-03-at-12.36.52-768x432.jpeg 768w, https:\/\/smartmoveinvestment.com\/wp-content\/uploads\/2024\/12\/WhatsApp-Image-2024-12-03-at-12.36.52-1536x864.jpeg 1536w, https:\/\/smartmoveinvestment.com\/wp-content\/uploads\/2024\/12\/WhatsApp-Image-2024-12-03-at-12.36.52.jpeg 1600w\" sizes=\"(max-width: 1024px) 100vw, 1024px\" \/><\/figure>\n\n\n\n<figure class=\"wp-block-image size-large\"><img loading=\"lazy\" decoding=\"async\" width=\"1024\" height=\"576\" data-id=\"4844\" src=\"https:\/\/smartmoveinvestment.com\/wp-content\/uploads\/2024\/12\/WhatsApp-Image-2024-12-03-at-12.36.51-2-1024x576.jpeg\" alt=\"\" class=\"wp-image-4844\" srcset=\"https:\/\/smartmoveinvestment.com\/wp-content\/uploads\/2024\/12\/WhatsApp-Image-2024-12-03-at-12.36.51-2-1024x576.jpeg 1024w, https:\/\/smartmoveinvestment.com\/wp-content\/uploads\/2024\/12\/WhatsApp-Image-2024-12-03-at-12.36.51-2-300x169.jpeg 300w, https:\/\/smartmoveinvestment.com\/wp-content\/uploads\/2024\/12\/WhatsApp-Image-2024-12-03-at-12.36.51-2-768x432.jpeg 768w, https:\/\/smartmoveinvestment.com\/wp-content\/uploads\/2024\/12\/WhatsApp-Image-2024-12-03-at-12.36.51-2-1536x864.jpeg 1536w, https:\/\/smartmoveinvestment.com\/wp-content\/uploads\/2024\/12\/WhatsApp-Image-2024-12-03-at-12.36.51-2.jpeg 1600w\" sizes=\"(max-width: 1024px) 100vw, 1024px\" \/><\/figure>\n\n\n\n<figure class=\"wp-block-image size-large\"><img loading=\"lazy\" decoding=\"async\" width=\"1024\" height=\"576\" data-id=\"4846\" src=\"https:\/\/smartmoveinvestment.com\/wp-content\/uploads\/2024\/12\/WhatsApp-Image-2024-12-03-at-12.36.51-1-1024x576.jpeg\" alt=\"\" class=\"wp-image-4846\" srcset=\"https:\/\/smartmoveinvestment.com\/wp-content\/uploads\/2024\/12\/WhatsApp-Image-2024-12-03-at-12.36.51-1-1024x576.jpeg 1024w, https:\/\/smartmoveinvestment.com\/wp-content\/uploads\/2024\/12\/WhatsApp-Image-2024-12-03-at-12.36.51-1-300x169.jpeg 300w, https:\/\/smartmoveinvestment.com\/wp-content\/uploads\/2024\/12\/WhatsApp-Image-2024-12-03-at-12.36.51-1-768x432.jpeg 768w, https:\/\/smartmoveinvestment.com\/wp-content\/uploads\/2024\/12\/WhatsApp-Image-2024-12-03-at-12.36.51-1-1536x864.jpeg 1536w, https:\/\/smartmoveinvestment.com\/wp-content\/uploads\/2024\/12\/WhatsApp-Image-2024-12-03-at-12.36.51-1.jpeg 1600w\" sizes=\"(max-width: 1024px) 100vw, 1024px\" \/><\/figure>\n\n\n\n<figure class=\"wp-block-image size-large\"><img loading=\"lazy\" decoding=\"async\" width=\"1024\" height=\"576\" data-id=\"4848\" src=\"https:\/\/smartmoveinvestment.com\/wp-content\/uploads\/2024\/12\/WhatsApp-Image-2024-12-03-at-12.36.51-1024x576.jpeg\" alt=\"\" class=\"wp-image-4848\" srcset=\"https:\/\/smartmoveinvestment.com\/wp-content\/uploads\/2024\/12\/WhatsApp-Image-2024-12-03-at-12.36.51-1024x576.jpeg 1024w, https:\/\/smartmoveinvestment.com\/wp-content\/uploads\/2024\/12\/WhatsApp-Image-2024-12-03-at-12.36.51-300x169.jpeg 300w, https:\/\/smartmoveinvestment.com\/wp-content\/uploads\/2024\/12\/WhatsApp-Image-2024-12-03-at-12.36.51-768x432.jpeg 768w, https:\/\/smartmoveinvestment.com\/wp-content\/uploads\/2024\/12\/WhatsApp-Image-2024-12-03-at-12.36.51-1536x864.jpeg 1536w, https:\/\/smartmoveinvestment.com\/wp-content\/uploads\/2024\/12\/WhatsApp-Image-2024-12-03-at-12.36.51.jpeg 1600w\" sizes=\"(max-width: 1024px) 100vw, 1024px\" \/><\/figure>\n\n\n\n<figure class=\"wp-block-image size-large\"><img loading=\"lazy\" decoding=\"async\" width=\"1024\" height=\"576\" data-id=\"4849\" src=\"https:\/\/smartmoveinvestment.com\/wp-content\/uploads\/2024\/12\/WhatsApp-Image-2024-12-03-at-12.36.50-1-1024x576.jpeg\" alt=\"\" class=\"wp-image-4849\" srcset=\"https:\/\/smartmoveinvestment.com\/wp-content\/uploads\/2024\/12\/WhatsApp-Image-2024-12-03-at-12.36.50-1-1024x576.jpeg 1024w, https:\/\/smartmoveinvestment.com\/wp-content\/uploads\/2024\/12\/WhatsApp-Image-2024-12-03-at-12.36.50-1-300x169.jpeg 300w, https:\/\/smartmoveinvestment.com\/wp-content\/uploads\/2024\/12\/WhatsApp-Image-2024-12-03-at-12.36.50-1-768x432.jpeg 768w, https:\/\/smartmoveinvestment.com\/wp-content\/uploads\/2024\/12\/WhatsApp-Image-2024-12-03-at-12.36.50-1-1536x864.jpeg 1536w, https:\/\/smartmoveinvestment.com\/wp-content\/uploads\/2024\/12\/WhatsApp-Image-2024-12-03-at-12.36.50-1.jpeg 1600w\" sizes=\"(max-width: 1024px) 100vw, 1024px\" \/><\/figure>\n\n\n\n<figure class=\"wp-block-image size-large\"><img loading=\"lazy\" decoding=\"async\" width=\"1024\" height=\"576\" data-id=\"4845\" src=\"https:\/\/smartmoveinvestment.com\/wp-content\/uploads\/2024\/12\/WhatsApp-Image-2024-12-03-at-12.36.50-1024x576.jpeg\" alt=\"\" class=\"wp-image-4845\" srcset=\"https:\/\/smartmoveinvestment.com\/wp-content\/uploads\/2024\/12\/WhatsApp-Image-2024-12-03-at-12.36.50-1024x576.jpeg 1024w, https:\/\/smartmoveinvestment.com\/wp-content\/uploads\/2024\/12\/WhatsApp-Image-2024-12-03-at-12.36.50-300x169.jpeg 300w, https:\/\/smartmoveinvestment.com\/wp-content\/uploads\/2024\/12\/WhatsApp-Image-2024-12-03-at-12.36.50-768x432.jpeg 768w, https:\/\/smartmoveinvestment.com\/wp-content\/uploads\/2024\/12\/WhatsApp-Image-2024-12-03-at-12.36.50-1536x864.jpeg 1536w, https:\/\/smartmoveinvestment.com\/wp-content\/uploads\/2024\/12\/WhatsApp-Image-2024-12-03-at-12.36.50.jpeg 1600w\" sizes=\"(max-width: 1024px) 100vw, 1024px\" \/><\/figure>\n\n\n\n<figure class=\"wp-block-image size-large\"><img loading=\"lazy\" decoding=\"async\" width=\"1024\" height=\"576\" data-id=\"4851\" src=\"https:\/\/smartmoveinvestment.com\/wp-content\/uploads\/2024\/12\/WhatsApp-Image-2024-12-03-at-12.36.49-1-1024x576.jpeg\" alt=\"\" class=\"wp-image-4851\" srcset=\"https:\/\/smartmoveinvestment.com\/wp-content\/uploads\/2024\/12\/WhatsApp-Image-2024-12-03-at-12.36.49-1-1024x576.jpeg 1024w, https:\/\/smartmoveinvestment.com\/wp-content\/uploads\/2024\/12\/WhatsApp-Image-2024-12-03-at-12.36.49-1-300x169.jpeg 300w, https:\/\/smartmoveinvestment.com\/wp-content\/uploads\/2024\/12\/WhatsApp-Image-2024-12-03-at-12.36.49-1-768x432.jpeg 768w, https:\/\/smartmoveinvestment.com\/wp-content\/uploads\/2024\/12\/WhatsApp-Image-2024-12-03-at-12.36.49-1-1536x864.jpeg 1536w, https:\/\/smartmoveinvestment.com\/wp-content\/uploads\/2024\/12\/WhatsApp-Image-2024-12-03-at-12.36.49-1.jpeg 1600w\" sizes=\"(max-width: 1024px) 100vw, 1024px\" \/><\/figure>\n\n\n\n<figure class=\"wp-block-image size-large\"><img loading=\"lazy\" decoding=\"async\" width=\"1024\" height=\"576\" data-id=\"4842\" src=\"https:\/\/smartmoveinvestment.com\/wp-content\/uploads\/2024\/12\/WhatsApp-Image-2024-12-03-at-12.36.49-1024x576.jpeg\" alt=\"\" class=\"wp-image-4842\" srcset=\"https:\/\/smartmoveinvestment.com\/wp-content\/uploads\/2024\/12\/WhatsApp-Image-2024-12-03-at-12.36.49-1024x576.jpeg 1024w, https:\/\/smartmoveinvestment.com\/wp-content\/uploads\/2024\/12\/WhatsApp-Image-2024-12-03-at-12.36.49-300x169.jpeg 300w, https:\/\/smartmoveinvestment.com\/wp-content\/uploads\/2024\/12\/WhatsApp-Image-2024-12-03-at-12.36.49-768x432.jpeg 768w, https:\/\/smartmoveinvestment.com\/wp-content\/uploads\/2024\/12\/WhatsApp-Image-2024-12-03-at-12.36.49-1536x864.jpeg 1536w, https:\/\/smartmoveinvestment.com\/wp-content\/uploads\/2024\/12\/WhatsApp-Image-2024-12-03-at-12.36.49.jpeg 1600w\" sizes=\"(max-width: 1024px) 100vw, 1024px\" \/><\/figure>\n\n\n\n<figure class=\"wp-block-image size-large\"><img loading=\"lazy\" decoding=\"async\" width=\"1024\" height=\"576\" data-id=\"4850\" src=\"https:\/\/smartmoveinvestment.com\/wp-content\/uploads\/2024\/12\/WhatsApp-Image-2024-12-03-at-12.36.48-1024x576.jpeg\" alt=\"\" class=\"wp-image-4850\" srcset=\"https:\/\/smartmoveinvestment.com\/wp-content\/uploads\/2024\/12\/WhatsApp-Image-2024-12-03-at-12.36.48-1024x576.jpeg 1024w, https:\/\/smartmoveinvestment.com\/wp-content\/uploads\/2024\/12\/WhatsApp-Image-2024-12-03-at-12.36.48-300x169.jpeg 300w, https:\/\/smartmoveinvestment.com\/wp-content\/uploads\/2024\/12\/WhatsApp-Image-2024-12-03-at-12.36.48-768x432.jpeg 768w, https:\/\/smartmoveinvestment.com\/wp-content\/uploads\/2024\/12\/WhatsApp-Image-2024-12-03-at-12.36.48-1536x864.jpeg 1536w, https:\/\/smartmoveinvestment.com\/wp-content\/uploads\/2024\/12\/WhatsApp-Image-2024-12-03-at-12.36.48.jpeg 1600w\" sizes=\"(max-width: 1024px) 100vw, 1024px\" \/><\/figure>\n<\/figure>\n","protected":false},"excerpt":{"rendered":"<p>Lefko\u015fa G\u00f6nyeli Villalar B\u00f6lgesinde, Modern L\u00fcks Apartman Daireleri ile yepyeni bir ya\u015fam alan\u0131 f\u0131rsat\u0131! G\u00f6nyeli&#8217;de en de\u011ferli konumunda, T\u00fcrk Ko\u00e7anl\u0131 2 b\u00fcy\u00fck tam arsa \u00fczerinde, 2 katl\u0131 (4+4) Toplam 8 daireden olu\u015fan olu\u015fan 2 blok L\u00fcks Apartman daireleri. ZEM\u0130N KAT 3+1 DA\u0130RELER: \u25cf 140 m2 kapal\u0131 alan + 15 m2 Balkon \u25cf Ortalama 155 m2 [&hellip;]<\/p>\n","protected":false},"author":1,"featured_media":4816,"parent":0,"menu_order":0,"comment_status":"closed","ping_status":"closed","template":"","meta":{"footnotes":""},"aioseo_notices":[],"_links":{"self":[{"href":"https:\/\/smartmoveinvestment.com\/index.php\/wp-json\/wp\/v2\/pages\/4811"}],"collection":[{"href":"https:\/\/smartmoveinvestment.com\/index.php\/wp-json\/wp\/v2\/pages"}],"about":[{"href":"https:\/\/smartmoveinvestment.com\/index.php\/wp-json\/wp\/v2\/types\/page"}],"author":[{"embeddable":true,"href":"https:\/\/smartmoveinvestment.com\/index.php\/wp-json\/wp\/v2\/users\/1"}],"replies":[{"embeddable":true,"href":"https:\/\/smartmoveinvestment.com\/index.php\/wp-json\/wp\/v2\/comments?post=4811"}],"version-history":[{"count":5,"href":"https:\/\/smartmoveinvestment.com\/index.php\/wp-json\/wp\/v2\/pages\/4811\/revisions"}],"predecessor-version":[{"id":4852,"href":"https:\/\/smartmoveinvestment.com\/index.php\/wp-json\/wp\/v2\/pages\/4811\/revisions\/4852"}],"wp:featuredmedia":[{"embeddable":true,"href":"https:\/\/smartmoveinvestment.com\/index.php\/wp-json\/wp\/v2\/media\/4816"}],"wp:attachment":[{"href":"https:\/\/smartmoveinvestment.com\/index.php\/wp-json\/wp\/v2\/media?parent=4811"}],"curies":[{"name":"wp","href":"https:\/\/api.w.org\/{rel}","templated":true}]}}